{"id":59,"date":"2014-06-01T08:04:51","date_gmt":"2014-06-01T08:04:51","guid":{"rendered":"http:\/\/inisironmeain.com\/gaeilge\/?page_id=59"},"modified":"2018-03-25T22:44:46","modified_gmt":"2018-03-25T21:44:46","slug":"colaiste-naomh-eoin","status":"publish","type":"page","link":"http:\/\/inisironmeain.com\/gaeilge\/colaiste-naomh-eoin\/","title":{"rendered":"Col\u00e1iste Naomh Eoin"},"content":{"rendered":"<h2>COL\u00c1ISTE NAOMH EOIN, INIS ME\u00c1IN &#8211; OIDEACHAS DIFRI\u00daIL!<\/h2>\n<p><img decoding=\"async\" loading=\"lazy\" class=\"alignnone\" src=\"http:\/\/inisironmeain.com\/wp-content\/uploads\/2014\/05\/education-1.jpg\" alt=\"\" width=\"210\" height=\"178\" \/>\u00a0<img decoding=\"async\" loading=\"lazy\" class=\"alignnone\" src=\"http:\/\/inisironmeain.com\/wp-content\/uploads\/2014\/05\/education-2.jpg\" alt=\"\" width=\"210\" height=\"178\" \/><\/p>\n<p>Is f\u00e9idir oideachas tr\u00ed mhe\u00e1n na Gaeilge a fh\u00e1il anseo in Inis Me\u00e1in. Is scoil ch\u00f3naithe mheasctha \u00ed Col\u00e1iste Naomh Eoin a thairg\u00edonn timpeallacht oideachas\u00fail an-speisialta do chuile dhalta. Buna\u00edodh an scoil i 2002. T\u00e1 c\u00f3imheas m\u00fainteoir\u00ed-scol\u00e1ir\u00ed an-\u00edseal againn a chuireann caidrimh dearfach ar f\u00e1il, le meas ar a ch\u00e9ile agus tortha\u00ed acad\u00fala maithe.<\/p>\n<p>Is oile\u00e1n suaimheach \u00e9 a chuireann timpeallacht sh\u00e1bh\u00e1ilte ar f\u00e1il i bhfad \u00f3 shaol na m\u00f3rth\u00edre. B\u00edonn na scol\u00e1ir\u00ed mar ph\u00e1irt den phobal c\u00e1irdi\u00fail Gaelach agus mar bhall de chlann \u201cBhean an T\u00ed\u201d. Mar gheall ar an tum-oideachass seo, baineann na scolair\u00ed l\u00edofacht sa teanga amach taobh istigh d\u2019achar gairid. Chomh maith leis seo, d\u00e9anann na scol\u00e1ir\u00ed cairdeas a mhaireann i gcaitheamh a saoil agus tagann m\u00e9ad\u00fa ar a muin\u00edneacht agus a neamhspl\u00e9achas.<\/p>\n<p>M\u00e1 t\u00e1 eolas agat ar aon scol\u00e1ire ar mhaith leo an seans staid\u00e9ar a dh\u00e9anamh in Inis Me\u00e1in, tabhair cuairt ar www.colaistenaomheoin.ie. Bronntar scol\u00e1ireachta\u00ed ar bhonn iarratas agus agallamh. T\u00e1 roinnt scol\u00e1ireachta\u00ed saor in aisce ar f\u00e1il roimh mh\u00ed an Mheithimh chuile bhliain. Is f\u00e9idir dul i dteagmh\u00e1il le Mair\u00e9ad, Pr\u00edomhoide na scoile ar 087 7775567 le h-aghaidh tuilleadh eolais.<\/p>\n<p><a href=\"http:\/\/www.colaistenaomheoin.ie\/\"><img decoding=\"async\" loading=\"lazy\" class=\"aligncenter size-full wp-image-1028\" src=\"http:\/\/inisironmeain.com\/gaeilge\/wp-content\/uploads\/sites\/5\/2014\/06\/colaiste-logo.png\" alt=\"colaiste-logo\" width=\"160\" height=\"120\" \/><\/a><\/p>\n<p style=\"text-align: center\"><strong><a href=\"http:\/\/www.colaistenaomheoin.ie\/\">www.colaistenaomheoin.ie<\/a><\/strong><\/p>\n<p>&nbsp;<\/p>\n<p>&nbsp;<\/p>\n","protected":false},"excerpt":{"rendered":"<p>COL\u00c1ISTE NAOMH EOIN, INIS ME\u00c1IN &#8211; OIDEACHAS DIFRI\u00daIL! \u00a0 Is f\u00e9idir oideachas tr\u00ed mhe\u00e1n na Gaeilge a fh\u00e1il anseo in Inis Me\u00e1in. Is scoil ch\u00f3naithe mheasctha \u00ed Col\u00e1iste Naomh Eoin a thairg\u00edonn timpeallacht oideachas\u00fail an-speisialta do chuile dhalta. Buna\u00edodh an scoil i 2002. T\u00e1 c\u00f3imheas m\u00fainteoir\u00ed-scol\u00e1ir\u00ed an-\u00edseal againn a chuireann caidrimh dearfach ar f\u00e1il, le [&hellip;]<\/p>\n","protected":false},"author":1,"featured_media":2599,"parent":0,"menu_order":0,"comment_status":"closed","ping_status":"open","template":"","meta":[],"_links":{"self":[{"href":"http:\/\/inisironmeain.com\/gaeilge\/wp-json\/wp\/v2\/pages\/59"}],"collection":[{"href":"http:\/\/inisironmeain.com\/gaeilge\/wp-json\/wp\/v2\/pages"}],"about":[{"href":"http:\/\/inisironmeain.com\/gaeilge\/wp-json\/wp\/v2\/types\/page"}],"author":[{"embeddable":true,"href":"http:\/\/inisironmeain.com\/gaeilge\/wp-json\/wp\/v2\/users\/1"}],"replies":[{"embeddable":true,"href":"http:\/\/inisironmeain.com\/gaeilge\/wp-json\/wp\/v2\/comments?post=59"}],"version-history":[{"count":3,"href":"http:\/\/inisironmeain.com\/gaeilge\/wp-json\/wp\/v2\/pages\/59\/revisions"}],"predecessor-version":[{"id":2831,"href":"http:\/\/inisironmeain.com\/gaeilge\/wp-json\/wp\/v2\/pages\/59\/revisions\/2831"}],"wp:featuredmedia":[{"embeddable":true,"href":"http:\/\/inisironmeain.com\/gaeilge\/wp-json\/wp\/v2\/media\/2599"}],"wp:attachment":[{"href":"http:\/\/inisironmeain.com\/gaeilge\/wp-json\/wp\/v2\/media?parent=59"}],"curies":[{"name":"wp","href":"https:\/\/api.w.org\/{rel}","templated":true}]}}