{"id":55,"date":"2014-06-01T07:59:12","date_gmt":"2014-06-01T07:59:12","guid":{"rendered":"http:\/\/inisironmeain.com\/gaeilge\/?page_id=55"},"modified":"2018-03-25T22:43:30","modified_gmt":"2018-03-25T21:43:30","slug":"an-oilean","status":"publish","type":"page","link":"http:\/\/inisironmeain.com\/gaeilge\/an-oilean\/","title":{"rendered":"An Oile\u00e1n"},"content":{"rendered":"<h2>INIS ME\u00c1IN &#8211; Traidisi\u00fan Beo<\/h2>\n<p style=\"text-align: justify\"><img decoding=\"async\" loading=\"lazy\" class=\"alignleft\" src=\"http:\/\/inisironmeain.com\/wp-content\/uploads\/2014\/05\/inis-meain-island.jpg\" alt=\"\" width=\"200\" height=\"300\" \/>Is tr\u00ed oile\u00e1n bheaga agus mh\u00f3rthaibhseacha ar ch\u00f3sta iarthar na h\u00c9ireann iad Oile\u00e1in \u00c1rann. San iarthar, crutha\u00edonn agus m\u00fanla\u00edonn an tAig\u00e9an Atlantach na sceirdeacha aolchloiche seo, rud a fh\u00e1gann iarg\u00falta agus garbh iad ach ag am c\u00e9anna coinn\u00edonn siad a ndra\u00edocht agus a suaimhneas.<\/p>\n<p style=\"text-align: justify\">Den tr\u00ed oile\u00e1n, t\u00e1 rud \u00e9igin speisialta faoi Inis Me\u00e1in. Is \u00e9 Inis Me\u00e1in an t-oil\u00e9an l\u00e1rnach idir Inis M\u00f3r agus Inis O\u00edrr. Mar gheall ar an neamhspl\u00e9achas traidisi\u00fanta seo \u00f3 ch\u00f3sta an Chl\u00e1ir agus Chonamara, d\u2019fh\u00e1s\u00a0meon oile\u00e1nach neamhspl\u00e9ach i measc na ndaoine. In \u00e1it \u00e9 a shaothr\u00fa, mhair na hoile\u00e1naithe seo\u00a0ar cheili\u00faradh\u00a0a n-oidhreacht, mar sin is \u00e9 Inis Me\u00e1in an t-oile\u00e1n is l\u00fa a dtugtar cuairt\u00a0air d&#8217;Oile\u00e1in \u00c1rann agus a labhra\u00edtear an Ghaeilge ina foirm fh\u00edorghlan. T\u00e1 an t-oile\u00e1n saor \u00f3 choimpl\u00e9ascacht agus \u00e9ilimh na m\u00f3rth\u00edre agus c\u00e9 go nglacann Inis Me\u00e1in le h\u00e1isi\u00falacht an tsaoil nua-aimseartha, ag an am c\u00e9anna, coinn\u00edonn s\u00e9 an t-\u00e1illeacht, cult\u00far agus tradisi\u00fan at\u00e1 uath\u00fail don oile\u00e1n.<\/p>\n<p style=\"text-align: justify\">Mhol W.B. Yeats don scr\u00edbhneoir <strong>John Millington Synge<\/strong> cuairt a thabhairt ar an oile\u00e1n. Thaithin s\u00e9 an oiread sin leis, gur chaith s\u00e9 roinnt samhra\u00ed ar an oile\u00e1n agus bh\u00ed Inis Me\u00e1in mar ionspar\u00e1id d\u00e1 chuid oibre.\u00a0T\u00e1 \u00a0Inis Me\u00e1in ar cheann de na h-\u00e1iteacha is t\u00e1bhachta\u00ed de chult\u00far traidisi\u00fanta na h\u00c9ireann.<\/p>\n<p><em>T\u00e1 an t-oile\u00e1n 2.5km ar leithead agus 5km ar fhad agus t\u00e1 na t\u00edrdhreacha m\u00f3rthaibhseach. T\u00e1 an t-oile\u00e1n cl\u00fadaithe le haolchloch Karst agus t\u00e1 ailltreacha, tr\u00e1nna agus cla\u00edocha cloiche le feice\u00e1il go forleathan.\u00a0<img decoding=\"async\" loading=\"lazy\" class=\"alignright\" src=\"http:\/\/inisironmeain.com\/wp-content\/uploads\/2014\/05\/inis-meain-wall.jpg\" alt=\"\" width=\"266\" height=\"145\" \/><\/em><\/p>\n","protected":false},"excerpt":{"rendered":"<p>INIS ME\u00c1IN &#8211; Traidisi\u00fan Beo Is tr\u00ed oile\u00e1n bheaga agus mh\u00f3rthaibhseacha ar ch\u00f3sta iarthar na h\u00c9ireann iad Oile\u00e1in \u00c1rann. San iarthar, crutha\u00edonn agus m\u00fanla\u00edonn an tAig\u00e9an Atlantach na sceirdeacha aolchloiche seo, rud a fh\u00e1gann iarg\u00falta agus garbh iad ach ag am c\u00e9anna coinn\u00edonn siad a ndra\u00edocht agus a suaimhneas. Den tr\u00ed oile\u00e1n, t\u00e1 rud \u00e9igin [&hellip;]<\/p>\n","protected":false},"author":1,"featured_media":2573,"parent":0,"menu_order":0,"comment_status":"closed","ping_status":"open","template":"","meta":[],"_links":{"self":[{"href":"http:\/\/inisironmeain.com\/gaeilge\/wp-json\/wp\/v2\/pages\/55"}],"collection":[{"href":"http:\/\/inisironmeain.com\/gaeilge\/wp-json\/wp\/v2\/pages"}],"about":[{"href":"http:\/\/inisironmeain.com\/gaeilge\/wp-json\/wp\/v2\/types\/page"}],"author":[{"embeddable":true,"href":"http:\/\/inisironmeain.com\/gaeilge\/wp-json\/wp\/v2\/users\/1"}],"replies":[{"embeddable":true,"href":"http:\/\/inisironmeain.com\/gaeilge\/wp-json\/wp\/v2\/comments?post=55"}],"version-history":[{"count":3,"href":"http:\/\/inisironmeain.com\/gaeilge\/wp-json\/wp\/v2\/pages\/55\/revisions"}],"predecessor-version":[{"id":2458,"href":"http:\/\/inisironmeain.com\/gaeilge\/wp-json\/wp\/v2\/pages\/55\/revisions\/2458"}],"wp:featuredmedia":[{"embeddable":true,"href":"http:\/\/inisironmeain.com\/gaeilge\/wp-json\/wp\/v2\/media\/2573"}],"wp:attachment":[{"href":"http:\/\/inisironmeain.com\/gaeilge\/wp-json\/wp\/v2\/media?parent=55"}],"curies":[{"name":"wp","href":"https:\/\/api.w.org\/{rel}","templated":true}]}}