{"id":51,"date":"2014-06-01T07:56:02","date_gmt":"2014-06-01T07:56:02","guid":{"rendered":"http:\/\/inisironmeain.com\/gaeilge\/?page_id=51"},"modified":"2018-03-25T22:41:54","modified_gmt":"2018-03-25T21:41:54","slug":"gleas-galanta","status":"publish","type":"page","link":"http:\/\/inisironmeain.com\/gaeilge\/gleas-galanta\/","title":{"rendered":"Gl\u00e9as Gal\u00e1nta"},"content":{"rendered":"<h2>C\u00d3ISIR GL\u00c9AS GAL\u00c1NTA AN 10K<\/h2>\n<p><strong>T\u00e1 cli\u00fa agus c\u00e1il bainte amach anois ag C\u00f3isir agus Diosc\u00f3 Gl\u00e9as Gal\u00e1nta an 10k.\u00a0<\/strong><\/p>\n<p>B\u00edonn slua mh\u00f3r i l\u00e1thair i gc\u00f3na\u00ed agus is iontach an radharc\u00a0an m\u00e9id iarracht agus samhla\u00edocht a chuirtear isteach sa ngl\u00e9asadh. Mar thoradh ar seo, b\u00edonn s\u00e1r-chom\u00f3rtas ann chuile bhliain chun an chulaith br\u00e9ige is fearr a roghn\u00fa. Ach d\u00e1r nd\u00f3igh, n\u00ed f\u00e9idir a bheith ann ach buaiteoir amh\u00e1in don duais, dearbh\u00e1n de <strong>\u20ac100.<\/strong><\/p>\n<p>B\u2019\u00e9 t\u00e9ama na h-\u00f3c\u00e1ide anuraidh n\u00e1 &#8220;Daoine \u00c9ireannacha Cailli\u00fala&#8221; agus bh\u00ed rogha iontach culaith ar f\u00e1il! Bhuaigh na Corrs an pr\u00edomhdhuais sa deireadh!<\/p>\n<table border=\"0\" width=\"100%\" cellpadding=\"5\">\n<tbody>\n<tr>\n<td>\n<div align=\"center\"><img decoding=\"async\" src=\"http:\/\/inisironmeain.com\/wp-content\/uploads\/2014\/05\/fancy-dress-01.jpg\" alt=\"fancy dress 2012\" height=\"300\" \/><\/div>\n<\/td>\n<td>\n<div align=\"center\"><a href=\"http:\/\/inisironmeain.com\/wp-content\/uploads\/2014\/05\/fancy-dress-13.jpg\"><img decoding=\"async\" loading=\"lazy\" class=\"alignnone size-medium wp-image-976\" src=\"http:\/\/inisironmeain.com\/wp-content\/uploads\/2014\/05\/fancy-dress-13-225x300.jpg\" alt=\"fancy-dress-13.jpg\" width=\"225\" height=\"300\" \/><\/a><\/div>\n<\/td>\n<\/tr>\n<tr>\n<td>\n<p align=\"center\"><strong><em>THE INIS ME\u00c1IN UGG BOOTS!<\/em><\/strong><br \/>\n<em><strong>Gr\u00e1inne Conneely &amp; Mair\u00edn Concannon FANCY DRESS WINNER\u2019S 2012<\/strong><br \/>\n<strong>\u00a0\u20ac100 \u2018One for All&#8217; Voucher<\/strong><\/em><\/p>\n<\/td>\n<td>\n<p style=\"text-align: center\"><strong><em>Agus sa dara h-\u00e1it&#8230;..\u00c1ine N\u00ed Fh\u00e1tharta ina g\u00fana gal\u00e1nta Fosters!!<\/em><\/strong><\/p>\n<\/td>\n<\/tr>\n<\/tbody>\n<\/table>\n<h2>C\u00d3ISIR GL\u00c9AS GAL\u00c1NTA 2015:<\/h2>\n<p><strong><img decoding=\"async\" loading=\"lazy\" class=\"alignleft\" src=\"http:\/\/inisironmeain.com\/wp-content\/uploads\/2014\/05\/teach-osta.jpg\" alt=\"\" width=\"267\" height=\"200\" \/>\u00c1it: Teach \u00d3sta, Inis Me\u00e1in<\/strong><\/p>\n<p><strong>Cathain: D\u00e9 Sathairn 14\/03\/2015<\/strong><\/p>\n<div style=\"color: #333333\">\n<figure style=\"width: 150px\" class=\"wp-caption alignright\"><img decoding=\"async\" loading=\"lazy\" src=\"http:\/\/inisironmeain.com\/wp-content\/uploads\/2014\/05\/winner-2010.jpg\" alt=\"THE INIS ME\u00c1\u00cdN MUMMY\" width=\"150\" height=\"200\" \/><figcaption class=\"wp-caption-text\">THE INIS ME\u00c1\u00cdN MUMMY FANCY DRESS WINNER 2010 \u20ac100 Brown Thomas Voucher<\/figcaption><\/figure>\n<figure style=\"width: 150px\" class=\"wp-caption alignright\"><img decoding=\"async\" loading=\"lazy\" src=\"http:\/\/inisironmeain.com\/wp-content\/uploads\/2014\/05\/runnerup2010.jpg\" alt=\"THE BALBRIGGAN MAD HATTER\" width=\"150\" height=\"200\" \/><figcaption class=\"wp-caption-text\">THE BALBRIGGAN MAD HATTER FANCY DRESS RUNNERUP 2010 \u20ac50 All for one Voucher<\/figcaption><\/figure>\n<figure style=\"width: 150px\" class=\"wp-caption alignright\"><img decoding=\"async\" loading=\"lazy\" src=\"http:\/\/inisironmeain.com\/wp-content\/uploads\/2014\/05\/winner-2009.jpg\" alt=\"fancy dress 2009 - Cruella Deville \" width=\"150\" height=\"200\" \/><figcaption class=\"wp-caption-text\">Winner 2009 CruellaDeville<\/figcaption><\/figure>\n<p><strong>\u00a0<\/strong><\/p>\n<\/div>\n<hr style=\"clear: both\" \/>\n\t\t\t<div class=\"gallery_box\">\n\t\t\t\t<ul>\n\t\t\t\t\t\t\t\t\t\t\t<li>\n\t\t\t\t\t\t\t<a rel=\"bookmark\" href=\"http:\/\/inisironmeain.com\/gaeilge\/gallery\/coisir-gleas-galanta-2012\/\" title=\"C\u00d3ISIR GL\u00c9AS GAL\u00c1NTA 2012\">\n\t\t\t\t\t\t\t\t<img style=\"width:230px;\" alt=\"C\u00d3ISIR GL\u00c9AS GAL\u00c1NTA 2012\" title=\"C\u00d3ISIR GL\u00c9AS GAL\u00c1NTA 2012\" src=\"http:\/\/inisironmeain.com\/gaeilge\/wp-content\/uploads\/sites\/5\/2014\/06\/fancy-dress-13-230x180.jpg\" \/>\n\t\t\t\t\t\t\t<\/a>\n\t\t\t\t\t\t\t<div class=\"gallery_detail_box\">\n\t\t\t\t\t\t\t\t<div>C\u00d3ISIR GL\u00c9AS GAL\u00c1NTA 2012<\/div>\n\t\t\t\t\t\t\t\t<div><\/div>\n\t\t\t\t\t\t\t\t<a href=\"http:\/\/inisironmeain.com\/gaeilge\/gallery\/coisir-gleas-galanta-2012\/\">See images \u00bb<\/a>\n\t\t\t\t\t\t\t<\/div><!-- .gallery_detail_box -->\n\t\t\t\t\t\t\t<div class=\"gllr_clear\"><\/div>\n\t\t\t\t\t\t<\/li>\n\t\t\t\t\t\t\t\t\t<\/ul>\n\t\t\t<\/div><!-- .gallery_box -->\n\t\t\n\t\t\t<div class=\"gallery_box\">\n\t\t\t\t<ul>\n\t\t\t\t\t\t\t\t\t\t\t<li>\n\t\t\t\t\t\t\t<a rel=\"bookmark\" href=\"http:\/\/inisironmeain.com\/gaeilge\/gallery\/coisir-gleas-galanta-2009-2\/\" title=\"C\u00d3ISIR GL\u00c9AS GAL\u00c1NTA 2010\">\n\t\t\t\t\t\t\t\t<img style=\"width:230px;\" alt=\"C\u00d3ISIR GL\u00c9AS GAL\u00c1NTA 2010\" title=\"C\u00d3ISIR GL\u00c9AS GAL\u00c1NTA 2010\" src=\"http:\/\/inisironmeain.com\/gaeilge\/wp-content\/uploads\/sites\/5\/2014\/06\/2010-pic32538ae9c61b4f9-230x180.jpg\" \/>\n\t\t\t\t\t\t\t<\/a>\n\t\t\t\t\t\t\t<div class=\"gallery_detail_box\">\n\t\t\t\t\t\t\t\t<div>C\u00d3ISIR GL\u00c9AS GAL\u00c1NTA 2010<\/div>\n\t\t\t\t\t\t\t\t<div><\/div>\n\t\t\t\t\t\t\t\t<a href=\"http:\/\/inisironmeain.com\/gaeilge\/gallery\/coisir-gleas-galanta-2009-2\/\">See images \u00bb<\/a>\n\t\t\t\t\t\t\t<\/div><!-- .gallery_detail_box -->\n\t\t\t\t\t\t\t<div class=\"gllr_clear\"><\/div>\n\t\t\t\t\t\t<\/li>\n\t\t\t\t\t\t\t\t\t<\/ul>\n\t\t\t<\/div><!-- .gallery_box -->\n\t\t\n\t\t\t<div class=\"gallery_box\">\n\t\t\t\t<ul>\n\t\t\t\t\t\t\t\t\t\t\t<li>\n\t\t\t\t\t\t\t<a rel=\"bookmark\" href=\"http:\/\/inisironmeain.com\/gaeilge\/gallery\/coisir-gleas-galanta-2009\/\" title=\"C\u00d3ISIR GL\u00c9AS GAL\u00c1NTA 2009\">\n\t\t\t\t\t\t\t\t<img style=\"width:230px;\" alt=\"C\u00d3ISIR GL\u00c9AS GAL\u00c1NTA 2009\" title=\"C\u00d3ISIR GL\u00c9AS GAL\u00c1NTA 2009\" src=\"http:\/\/inisironmeain.com\/gaeilge\/wp-content\/uploads\/sites\/5\/2014\/06\/winner-2010-150x180.jpg\" \/>\n\t\t\t\t\t\t\t<\/a>\n\t\t\t\t\t\t\t<div class=\"gallery_detail_box\">\n\t\t\t\t\t\t\t\t<div>C\u00d3ISIR GL\u00c9AS GAL\u00c1NTA 2009<\/div>\n\t\t\t\t\t\t\t\t<div><\/div>\n\t\t\t\t\t\t\t\t<a href=\"http:\/\/inisironmeain.com\/gaeilge\/gallery\/coisir-gleas-galanta-2009\/\">See images \u00bb<\/a>\n\t\t\t\t\t\t\t<\/div><!-- .gallery_detail_box -->\n\t\t\t\t\t\t\t<div class=\"gllr_clear\"><\/div>\n\t\t\t\t\t\t<\/li>\n\t\t\t\t\t\t\t\t\t<\/ul>\n\t\t\t<\/div><!-- .gallery_box -->\n\t\t\n","protected":false},"excerpt":{"rendered":"<p>C\u00d3ISIR GL\u00c9AS GAL\u00c1NTA AN 10K T\u00e1 cli\u00fa agus c\u00e1il bainte amach anois ag C\u00f3isir agus Diosc\u00f3 Gl\u00e9as Gal\u00e1nta an 10k.\u00a0 B\u00edonn slua mh\u00f3r i l\u00e1thair i gc\u00f3na\u00ed agus is iontach an radharc\u00a0an m\u00e9id iarracht agus samhla\u00edocht a chuirtear isteach sa ngl\u00e9asadh. Mar thoradh ar seo, b\u00edonn s\u00e1r-chom\u00f3rtas ann chuile bhliain chun an chulaith br\u00e9ige is [&hellip;]<\/p>\n","protected":false},"author":1,"featured_media":2490,"parent":0,"menu_order":0,"comment_status":"closed","ping_status":"open","template":"","meta":[],"_links":{"self":[{"href":"http:\/\/inisironmeain.com\/gaeilge\/wp-json\/wp\/v2\/pages\/51"}],"collection":[{"href":"http:\/\/inisironmeain.com\/gaeilge\/wp-json\/wp\/v2\/pages"}],"about":[{"href":"http:\/\/inisironmeain.com\/gaeilge\/wp-json\/wp\/v2\/types\/page"}],"author":[{"embeddable":true,"href":"http:\/\/inisironmeain.com\/gaeilge\/wp-json\/wp\/v2\/users\/1"}],"replies":[{"embeddable":true,"href":"http:\/\/inisironmeain.com\/gaeilge\/wp-json\/wp\/v2\/comments?post=51"}],"version-history":[{"count":5,"href":"http:\/\/inisironmeain.com\/gaeilge\/wp-json\/wp\/v2\/pages\/51\/revisions"}],"predecessor-version":[{"id":1008,"href":"http:\/\/inisironmeain.com\/gaeilge\/wp-json\/wp\/v2\/pages\/51\/revisions\/1008"}],"wp:featuredmedia":[{"embeddable":true,"href":"http:\/\/inisironmeain.com\/gaeilge\/wp-json\/wp\/v2\/media\/2490"}],"wp:attachment":[{"href":"http:\/\/inisironmeain.com\/gaeilge\/wp-json\/wp\/v2\/media?parent=51"}],"curies":[{"name":"wp","href":"https:\/\/api.w.org\/{rel}","templated":true}]}}