{"id":5,"date":"2014-05-31T22:14:09","date_gmt":"2014-05-31T22:14:09","guid":{"rendered":"http:\/\/inisironmeain.com\/gaeilge\/?page_id=5"},"modified":"2016-04-04T11:57:44","modified_gmt":"2016-04-04T10:57:44","slug":"baile","status":"publish","type":"page","link":"http:\/\/inisironmeain.com\/gaeilge\/","title":{"rendered":"Baile"},"content":{"rendered":"<h2>Inis &#8220;Iron&#8221; Me\u00e1in 2015\u00a0\u00e1 rith in Inis Me\u00e1in\u00a0ar an\u00a0Satharn 15\u00fa M\u00e1rta\u00a02015<\/h2>\n<p><iframe loading=\"lazy\" title=\"Iron Mea\u0301in\" width=\"474\" height=\"267\" src=\"https:\/\/www.youtube.com\/embed\/ClYVy5TODe0?feature=oembed\" frameborder=\"0\" allow=\"accelerometer; autoplay; clipboard-write; encrypted-media; gyroscope; picture-in-picture; web-share\" referrerpolicy=\"strict-origin-when-cross-origin\" allowfullscreen><\/iframe><\/p>\n<p style=\"text-align: justify\">T\u00e1 an rith\/si\u00fal\u00f3id ar leith seo ar an oile\u00e1n, ar bun le naoi mbliana agus ag tarraingt na sluaite turas\u00f3ir\u00ed chuile bhliain chuig an oile\u00e1n \u00e1lainn seo, ina measc si\u00fad, na l\u00fathcleasa\u00ed is m\u00f3 le r\u00e1 \u00f3 cheann ceann na t\u00edre. De ghn\u00e1th, is r\u00e1s 10k a bh\u00edonn ann, le rogha idir r\u00e1sa b\u00f3thair agus rogha n\u00edos deacra le p\u00edosa ar an tr\u00e1, ach i mbliana t\u00e1 r\u00e1s 5k againn freisin, do luthchleasaithe amait\u00e9aracha agus sinsearacha. Tugann an oc\u00e1id seo deis airgead a thioms\u00fa le haghaidh me\u00e1nscoil an oile\u00e1in, Col\u00e1iste Naomh Eoin, ag cinnti\u00fa fhorbairt lean\u00fanach phobail an oile\u00e1in neamhsple\u00e1ch seo.<\/p>\n<h2>Grianghraif\u00a0Inis Iron Me\u00e1in R\u00e1s \u00a02015<\/h2>\n<p><a href=\"http:\/\/inisironmeain.com\/gaeilge\/wp-content\/uploads\/sites\/5\/2015\/04\/IMG_5703.jpg\"><img decoding=\"async\" loading=\"lazy\" class=\"alignnone size-full wp-image-1065\" src=\"http:\/\/inisironmeain.com\/gaeilge\/wp-content\/uploads\/sites\/5\/2015\/04\/IMG_5703.jpg\" alt=\"IMG_5703.jpg\" width=\"1200\" height=\"800\" \/><\/a><\/p>\n<p><a href=\"http:\/\/inisironmeain.com\/blog\/gallery\/inis-iron-meain-2015\/\"><img decoding=\"async\" loading=\"lazy\" class=\"aligncenter size-large wp-image-1210\" src=\"http:\/\/inisironmeain.com\/gaeilge\/wp-content\/uploads\/sites\/5\/2015\/04\/IMG_6696-1024x682.jpg\" alt=\"IMG_6696.jpg\" width=\"474\" height=\"315\" \/><\/a><\/p>\n<p><a href=\"http:\/\/inisironmeain.com\/blog\/gallery\/inis-iron-meain-2015\/\"><img decoding=\"async\" loading=\"lazy\" class=\"aligncenter size-large wp-image-1233\" src=\"http:\/\/inisironmeain.com\/gaeilge\/wp-content\/uploads\/sites\/5\/2015\/04\/IMG_7069-1024x682.jpg\" alt=\"IMG_7069.jpg\" width=\"474\" height=\"315\" \/><\/a><\/p>\n","protected":false},"excerpt":{"rendered":"<p>Inis &#8220;Iron&#8221; Me\u00e1in 2015\u00a0\u00e1 rith in Inis Me\u00e1in\u00a0ar an\u00a0Satharn 15\u00fa M\u00e1rta\u00a02015 T\u00e1 an rith\/si\u00fal\u00f3id ar leith seo ar an oile\u00e1n, ar bun le naoi mbliana agus ag tarraingt na sluaite turas\u00f3ir\u00ed chuile bhliain chuig an oile\u00e1n \u00e1lainn seo, ina measc si\u00fad, na l\u00fathcleasa\u00ed is m\u00f3 le r\u00e1 \u00f3 cheann ceann na t\u00edre. De ghn\u00e1th, is [&hellip;]<\/p>\n","protected":false},"author":1,"featured_media":0,"parent":0,"menu_order":0,"comment_status":"closed","ping_status":"closed","template":"","meta":[],"_links":{"self":[{"href":"http:\/\/inisironmeain.com\/gaeilge\/wp-json\/wp\/v2\/pages\/5"}],"collection":[{"href":"http:\/\/inisironmeain.com\/gaeilge\/wp-json\/wp\/v2\/pages"}],"about":[{"href":"http:\/\/inisironmeain.com\/gaeilge\/wp-json\/wp\/v2\/types\/page"}],"author":[{"embeddable":true,"href":"http:\/\/inisironmeain.com\/gaeilge\/wp-json\/wp\/v2\/users\/1"}],"replies":[{"embeddable":true,"href":"http:\/\/inisironmeain.com\/gaeilge\/wp-json\/wp\/v2\/comments?post=5"}],"version-history":[{"count":11,"href":"http:\/\/inisironmeain.com\/gaeilge\/wp-json\/wp\/v2\/pages\/5\/revisions"}],"predecessor-version":[{"id":1885,"href":"http:\/\/inisironmeain.com\/gaeilge\/wp-json\/wp\/v2\/pages\/5\/revisions\/1885"}],"wp:attachment":[{"href":"http:\/\/inisironmeain.com\/gaeilge\/wp-json\/wp\/v2\/media?parent=5"}],"curies":[{"name":"wp","href":"https:\/\/api.w.org\/{rel}","templated":true}]}}