{"id":48,"date":"2014-06-01T07:46:04","date_gmt":"2014-06-01T07:46:04","guid":{"rendered":"http:\/\/inisironmeain.com\/gaeilge\/?page_id=48"},"modified":"2016-01-19T12:27:41","modified_gmt":"2016-01-19T12:27:41","slug":"ag-ithe-amuigh","status":"publish","type":"page","link":"http:\/\/inisironmeain.com\/gaeilge\/ag-ithe-amuigh\/","title":{"rendered":"Ag Ithe Amuigh"},"content":{"rendered":"<h4><strong>Caithfear \u00e1it le n-ithe a chuir in \u00e1irithint.<\/strong><\/h4>\n<p><strong>An D\u00fan\u00a0<\/strong><\/p>\n<p>087-6806251<\/p>\n<p><strong>Tigh Chonghaile<\/strong><\/p>\n<p>087-2035171<\/p>\n<p><strong>Cuireann roinnt de na tithe l\u00f3ist\u00edn, leaba agus bricfeasta dinn\u00e9ar thr\u00e1thn\u00f3na ar f\u00e1il freisin. M\u00e1s fearr leat an rogha seo d\u00e9an fiosr\u00fach\u00e1n faoi nuair a chuireann t\u00fa do sheomra in \u00e1irithe.<\/strong><\/p>\n<p>D\u00e9anann an Teach \u00d3sta ceapair\u00ed t\u00f3st\u00e1ilte suas go dt\u00ed 8 i.n.<\/p>\n","protected":false},"excerpt":{"rendered":"<p>Caithfear \u00e1it le n-ithe a chuir in \u00e1irithint. An D\u00fan\u00a0 087-6806251 Tigh Chonghaile 087-2035171 Cuireann roinnt de na tithe l\u00f3ist\u00edn, leaba agus bricfeasta dinn\u00e9ar thr\u00e1thn\u00f3na ar f\u00e1il freisin. M\u00e1s fearr leat an rogha seo d\u00e9an fiosr\u00fach\u00e1n faoi nuair a chuireann t\u00fa do sheomra in \u00e1irithe. D\u00e9anann an Teach \u00d3sta ceapair\u00ed t\u00f3st\u00e1ilte suas go dt\u00ed 8 [&hellip;]<\/p>\n","protected":false},"author":1,"featured_media":0,"parent":0,"menu_order":0,"comment_status":"closed","ping_status":"open","template":"","meta":[],"_links":{"self":[{"href":"http:\/\/inisironmeain.com\/gaeilge\/wp-json\/wp\/v2\/pages\/48"}],"collection":[{"href":"http:\/\/inisironmeain.com\/gaeilge\/wp-json\/wp\/v2\/pages"}],"about":[{"href":"http:\/\/inisironmeain.com\/gaeilge\/wp-json\/wp\/v2\/types\/page"}],"author":[{"embeddable":true,"href":"http:\/\/inisironmeain.com\/gaeilge\/wp-json\/wp\/v2\/users\/1"}],"replies":[{"embeddable":true,"href":"http:\/\/inisironmeain.com\/gaeilge\/wp-json\/wp\/v2\/comments?post=48"}],"version-history":[{"count":2,"href":"http:\/\/inisironmeain.com\/gaeilge\/wp-json\/wp\/v2\/pages\/48\/revisions"}],"predecessor-version":[{"id":1562,"href":"http:\/\/inisironmeain.com\/gaeilge\/wp-json\/wp\/v2\/pages\/48\/revisions\/1562"}],"wp:attachment":[{"href":"http:\/\/inisironmeain.com\/gaeilge\/wp-json\/wp\/v2\/media?parent=48"}],"curies":[{"name":"wp","href":"https:\/\/api.w.org\/{rel}","templated":true}]}}