{"id":44,"date":"2014-06-01T07:43:57","date_gmt":"2014-06-01T07:43:57","guid":{"rendered":"http:\/\/inisironmeain.com\/gaeilge\/?page_id=44"},"modified":"2018-03-25T22:40:07","modified_gmt":"2018-03-25T21:40:07","slug":"loistin","status":"publish","type":"page","link":"http:\/\/inisironmeain.com\/gaeilge\/loistin\/","title":{"rendered":"L\u00f3ist\u00edn"},"content":{"rendered":"<h2 style=\"color: #2a4975\">LEABA &amp; BRICFEASTA<\/h2>\n<div style=\"color: #333333\">\n<table border=\"0\" cellpadding=\"5\">\n<tbody>\n<tr>\n<td>\n<h4 style=\"color: #000000\">AINM:<\/h4>\n<\/td>\n<td>\n<h4 style=\"color: #000000\">SONRA\u00cd TEAGMH\u00c1LA:<\/h4>\n<\/td>\n<\/tr>\n<tr>\n<td>\n<p align=\"center\"><strong>An D\u00fan<br \/>\n<img decoding=\"async\" loading=\"lazy\" src=\"http:\/\/inisironmeain.com\/wp-content\/uploads\/2014\/05\/pic1.jpg\" alt=\"An D\u00fan B&amp;B &amp; Restaurant\" width=\"120\" height=\"80\" \/><\/strong><\/p>\n<\/td>\n<td>\n<p align=\"center\"><strong>Teresa &amp; Padraic Faherty<br \/>\n087-6806251<br \/>\n<\/strong><a style=\"font-weight: bold;color: #2a4975\" href=\"http:\/\/www.inismeainaccommodation.ie\/\">www.inismeainaccommodation.ie<\/a><\/p>\n<\/td>\n<\/tr>\n<tr>\n<td>\n<p align=\"center\"><strong>Creig M\u00f3r B&amp;B<br \/>\n<img decoding=\"async\" loading=\"lazy\" src=\"http:\/\/inisironmeain.com\/wp-content\/uploads\/2014\/05\/pic2.jpg\" alt=\"Creig M\u00f3r B&amp;B\" width=\"120\" height=\"80\" \/><\/strong><\/p>\n<\/td>\n<td>\n<p align=\"center\"><strong>Angela Faherty<br \/>\n099-73012<br \/>\n<\/strong><a style=\"font-weight: bold;color: #2a4975\" href=\"mailto:creigmore@gmail.com\">creigmor@gmail.com<\/a><\/p>\n<\/td>\n<\/tr>\n<tr>\n<td>\n<p align=\"center\"><strong>T\u00edgh Conghaile B&amp;B<br \/>\n<img decoding=\"async\" loading=\"lazy\" src=\"http:\/\/inisironmeain.com\/wp-content\/uploads\/2014\/05\/pic3.jpg\" alt=\"T\u00edgh Conghaile B&amp;B\" width=\"120\" height=\"80\" \/><\/strong><\/p>\n<\/td>\n<td>\n<p align=\"center\"><strong>Vilma Conneeley<br \/>\n099-73085 \/ 087-2035171<br \/>\n<\/strong><a style=\"font-weight: bold;color: #2a4975\" href=\"http:\/\/www.inismeainbb.com\/\">www.inismeainbb.com<\/a><\/p>\n<p align=\"center\">\n<\/td>\n<\/tr>\n<tr>\n<td>\n<p align=\"center\"><strong>Cois Cuain B&amp;B\/selfcatering<br \/>\n<img decoding=\"async\" loading=\"lazy\" src=\"http:\/\/inisironmeain.com\/wp-content\/uploads\/2014\/05\/pic4.jpg\" alt=\"Cois Cuain B&amp;B\/selfcatering\" width=\"120\" height=\"80\" \/><\/strong><\/p>\n<\/td>\n<td>\n<p align=\"center\"><strong>Mart\u00edn Faherty<br \/>\n099-73097 \/ 087-9728796<\/strong><\/p>\n<\/td>\n<\/tr>\n<tr>\n<td>\n<p align=\"center\"><strong>Teach Anna<br \/>\n<img decoding=\"async\" loading=\"lazy\" src=\"http:\/\/inisironmeain.com\/wp-content\/uploads\/2014\/05\/pic5.jpg\" alt=\"Teach Anna\" width=\"120\" height=\"80\" \/><\/strong><\/p>\n<\/td>\n<td>\n<p align=\"center\"><strong>Anna Byrne<br \/>\n099-73054<\/strong><\/p>\n<\/td>\n<\/tr>\n<tr>\n<td>\n<p align=\"center\"><strong>\u00c1rd Alainn B&amp;B\/ Self catering<br \/>\n<img decoding=\"async\" loading=\"lazy\" src=\"http:\/\/inisironmeain.com\/wp-content\/uploads\/2014\/05\/pic6.jpg\" alt=\"\u00c1rd Alainn B&amp;B\/Self catering\" width=\"120\" height=\"80\" \/><\/strong><\/p>\n<\/td>\n<td>\n<p align=\"center\"><strong>M\u00e1ire &amp; Sean\u00edn Faherty<br \/>\n099-73027<br \/>\n<\/strong><a style=\"font-weight: bold;color: #2a4975\" href=\"http:\/\/www.galway.net\/pages\/ard-alainn\/\">www.galway.net\/pages\/ard-alainn\/<\/a><\/p>\n<\/td>\n<\/tr>\n<tr>\n<td>\n<p align=\"center\"><strong>Collette\u2019s B&amp;B \/<\/strong><\/p>\n<p align=\"center\"><strong>Self-catering<br \/>\n<img decoding=\"async\" loading=\"lazy\" src=\"http:\/\/inisironmeain.com\/wp-content\/uploads\/2014\/05\/pic7.jpg\" alt=\"Collette\u2019s B&amp;B \/ Self-catering\" width=\"120\" height=\"80\" \/><\/strong><\/p>\n<\/td>\n<td>\n<p align=\"center\"><strong>Collette Blackmore<br \/>\n099-73970 \/ 086-1940017<\/strong><\/p>\n<\/td>\n<\/tr>\n<tr>\n<td>\n<p align=\"center\"><strong>Radhairc na Boirne B&amp;B<\/strong><br \/>\n<img decoding=\"async\" loading=\"lazy\" src=\"http:\/\/inisironmeain.com\/wp-content\/uploads\/2014\/05\/pic9.jpg\" alt=\"Radhairc na Boirne B&amp;B\" width=\"120\" height=\"80\" \/><\/p>\n<\/td>\n<td>\n<p align=\"center\"><strong>Mair\u00e9ad Griffin<\/strong><br \/>\n<strong>087-7914711<\/strong><\/p>\n<\/td>\n<\/tr>\n<tr>\n<td>\n<p align=\"center\"><strong>Noir\u00eds&#8217;<\/strong><strong>s B<\/strong><strong>&amp;B<\/strong><\/p>\n<p align=\"center\"><img decoding=\"async\" loading=\"lazy\" src=\"http:\/\/inisironmeain.com\/wp-content\/uploads\/2014\/05\/pic11.jpg\" alt=\"Noir\u00edn\u2019s B&amp;B\" width=\"120\" height=\"80\" \/><\/p>\n<\/td>\n<td>\n<p align=\"center\"><strong>Noir\u00edn Maher<\/strong><br \/>\n<strong>099-73050<\/strong><\/p>\n<\/td>\n<\/tr>\n<tr>\n<td>\n<p align=\"center\"><strong>Torann na dTo<\/strong><strong>nn B&amp;B<\/strong><\/p>\n<p align=\"center\"><img decoding=\"async\" loading=\"lazy\" src=\"http:\/\/inisironmeain.com\/wp-content\/uploads\/2014\/05\/pic12.jpg\" alt=\"Torran na dTonn B&amp;B\" width=\"120\" height=\"80\" \/><\/p>\n<\/td>\n<td>\n<p align=\"center\"><strong>Mair\u00edn N\u00ed Chonghaile<\/strong><br \/>\n<strong>099-73061<\/strong><\/p>\n<p align=\"center\">\n<\/td>\n<\/tr>\n<tr>\n<td>\n<p align=\"center\"><strong>Padraig&#8217;s B&amp;B<\/strong><\/p>\n<p align=\"center\"><img decoding=\"async\" loading=\"lazy\" src=\"http:\/\/inisironmeain.com\/wp-content\/uploads\/2014\/05\/pic13.jpg\" alt=\"Padraig\u2019s\u00a0B&amp;B\" width=\"120\" height=\"80\" \/><\/p>\n<\/td>\n<td>\n<p align=\"center\"><strong>Padraig \u00d3 Conghaile<\/strong><br \/>\n<strong>085-1509505<\/strong><\/p>\n<\/td>\n<\/tr>\n<\/tbody>\n<\/table>\n<h2 style=\"color: #2a4975\">IOSTAS F\u00c9INFHREASTAIL<\/h2>\n<div>\n<table border=\"0\" cellpadding=\"5\">\n<tbody>\n<tr>\n<td>\n<h4 style=\"color: #000000\">AINM:<\/h4>\n<\/td>\n<td>\n<h4 style=\"color: #000000\">SONRA\u00cd TEAGMH\u00c1LA:<\/h4>\n<\/td>\n<\/tr>\n<tr>\n<td>\n<p align=\"center\"><strong>Inis Me\u00e1in Holiday Home<\/strong><br \/>\n<img decoding=\"async\" loading=\"lazy\" src=\"http:\/\/inisironmeain.com\/wp-content\/uploads\/2014\/05\/pic16.jpg\" alt=\"Inis Me\u00e1in Holiday Home\" width=\"120\" height=\"80\" \/><\/p>\n<\/td>\n<td>\n<p align=\"center\"><strong>Deirdre N\u00ed Chonghaile<\/strong><br \/>\n<strong>087-4156227<\/strong><br \/>\n<strong>Peggy Clancy<\/strong><br \/>\n<strong>087-1304961<\/strong><\/p>\n<\/td>\n<\/tr>\n<tr>\n<td>\n<p align=\"center\"><strong>Aran Isles Holiday Cottage<\/strong><br \/>\n<img decoding=\"async\" loading=\"lazy\" src=\"http:\/\/inisironmeain.com\/wp-content\/uploads\/2014\/05\/pic17.jpg\" alt=\"Aran Isles Holiday Cottage\" width=\"120\" height=\"80\" \/><\/p>\n<\/td>\n<td>\n<p align=\"center\"><strong>Paul Williams<\/strong><br \/>\n<strong>(+44) 0781 8403210<\/strong><br \/>\n<a style=\"font-weight: bold;color: #2a4975\" href=\"mailto:pw@pwilliams.eu\"><strong>pw@pwilliams.eu<\/strong><\/a><\/p>\n<\/td>\n<\/tr>\n<tr>\n<td>\n<p align=\"center\"><strong>Teach Philomena<\/strong><br \/>\n<img decoding=\"async\" loading=\"lazy\" src=\"http:\/\/inisironmeain.com\/wp-content\/uploads\/2014\/05\/pic18.jpg\" alt=\"Teach Philomena\" width=\"120\" height=\"80\" \/><\/p>\n<\/td>\n<td>\n<p align=\"center\"><strong>Philomena Faherty<\/strong><br \/>\n<strong>087-6203426<\/strong><\/p>\n<\/td>\n<\/tr>\n<tr>\n<td>\n<p align=\"center\"><strong>Aran Cottage<\/strong><br \/>\n<img decoding=\"async\" loading=\"lazy\" src=\"http:\/\/inisironmeain.com\/wp-content\/uploads\/2014\/05\/pic19.jpg\" alt=\"Aran Cottage\" width=\"120\" height=\"80\" \/><\/p>\n<\/td>\n<td>\n<p align=\"center\"><strong>Leonard Doyle<\/strong><br \/>\n<strong>(+1) 202 2484536<\/strong><br \/>\n<a style=\"font-weight: bold;color: #2a4975\" href=\"http:\/\/www.aran-isles.com\"><strong>www.aran-isles.com<\/strong><\/a><br \/>\n<a style=\"font-weight: bold;color: #2a4975\" href=\"mailto:AranIslands@hotmail.com\"><strong>AranIslands@hotmail.com<\/strong><\/a><\/p>\n<\/td>\n<\/tr>\n<tr>\n<td>\n<p align=\"center\"><strong>Concannon\u2019s Chalet\u2019s<\/strong><br \/>\n<img decoding=\"async\" loading=\"lazy\" src=\"http:\/\/inisironmeain.com\/wp-content\/uploads\/2014\/05\/pic20.jpg\" alt=\"Concannon\u2019s Chalet\u2019s\" width=\"120\" height=\"80\" \/><\/p>\n<\/td>\n<td>\n<p align=\"center\"><strong>Noir\u00edn N\u00ed Chonceannain<\/strong><br \/>\n<strong>087-2382919<\/strong><\/p>\n<\/td>\n<\/tr>\n<tr>\n<td>\n<p align=\"center\"><strong>Jarleth\u2019s Appartments<\/strong><br \/>\n<img decoding=\"async\" loading=\"lazy\" src=\"http:\/\/inisironmeain.com\/wp-content\/uploads\/2014\/05\/pic21.jpg\" alt=\"Jarleth\u2019s Appartments\" width=\"120\" height=\"80\" \/><\/p>\n<\/td>\n<td>\n<p align=\"center\"><strong>Jarleth &amp; Anna Byrne<\/strong><br \/>\n<strong>086-3067282<\/strong><\/p>\n<\/td>\n<\/tr>\n<\/tbody>\n<\/table>\n<\/div>\n<\/div>\n","protected":false},"excerpt":{"rendered":"<p>LEABA &amp; BRICFEASTA AINM: SONRA\u00cd TEAGMH\u00c1LA: An D\u00fan Teresa &amp; Padraic Faherty 087-6806251 www.inismeainaccommodation.ie Creig M\u00f3r B&amp;B Angela Faherty 099-73012 creigmor@gmail.com T\u00edgh Conghaile B&amp;B Vilma Conneeley 099-73085 \/ 087-2035171 www.inismeainbb.com Cois Cuain B&amp;B\/selfcatering Mart\u00edn Faherty 099-73097 \/ 087-9728796 Teach Anna Anna Byrne 099-73054 \u00c1rd Alainn B&amp;B\/ Self catering M\u00e1ire &amp; Sean\u00edn Faherty 099-73027 www.galway.net\/pages\/ard-alainn\/ Collette\u2019s [&hellip;]<\/p>\n","protected":false},"author":1,"featured_media":2567,"parent":0,"menu_order":0,"comment_status":"closed","ping_status":"open","template":"","meta":[],"_links":{"self":[{"href":"http:\/\/inisironmeain.com\/gaeilge\/wp-json\/wp\/v2\/pages\/44"}],"collection":[{"href":"http:\/\/inisironmeain.com\/gaeilge\/wp-json\/wp\/v2\/pages"}],"about":[{"href":"http:\/\/inisironmeain.com\/gaeilge\/wp-json\/wp\/v2\/types\/page"}],"author":[{"embeddable":true,"href":"http:\/\/inisironmeain.com\/gaeilge\/wp-json\/wp\/v2\/users\/1"}],"replies":[{"embeddable":true,"href":"http:\/\/inisironmeain.com\/gaeilge\/wp-json\/wp\/v2\/comments?post=44"}],"version-history":[{"count":3,"href":"http:\/\/inisironmeain.com\/gaeilge\/wp-json\/wp\/v2\/pages\/44\/revisions"}],"predecessor-version":[{"id":2457,"href":"http:\/\/inisironmeain.com\/gaeilge\/wp-json\/wp\/v2\/pages\/44\/revisions\/2457"}],"wp:featuredmedia":[{"embeddable":true,"href":"http:\/\/inisironmeain.com\/gaeilge\/wp-json\/wp\/v2\/media\/2567"}],"wp:attachment":[{"href":"http:\/\/inisironmeain.com\/gaeilge\/wp-json\/wp\/v2\/media?parent=44"}],"curies":[{"name":"wp","href":"https:\/\/api.w.org\/{rel}","templated":true}]}}