{"id":39,"date":"2014-06-01T07:36:02","date_gmt":"2014-06-01T07:36:02","guid":{"rendered":"http:\/\/inisironmeain.com\/gaeilge\/?page_id=39"},"modified":"2014-06-01T07:40:28","modified_gmt":"2014-06-01T07:40:28","slug":"taisteal","status":"publish","type":"page","link":"http:\/\/inisironmeain.com\/gaeilge\/taisteal\/","title":{"rendered":"Taisteal"},"content":{"rendered":"<p><img decoding=\"async\" loading=\"lazy\" class=\"alignleft\" src=\"http:\/\/inisironmeain.com\/wp-content\/uploads\/2014\/05\/traveling-icon.gif\" alt=\"\" width=\"126\" height=\"85\" \/><br \/>\nN\u00ed fh\u00e9adfadh s\u00e9 a bheith n\u00edos simpl\u00ed taisteal chuig Oile\u00e1in \u00c1rann. T\u00e1 rogha ar f\u00e1il idir bh\u00e1id agus eitilt\u00ed, a chuireann seirbh\u00eds den scoth ar f\u00e1il chuig agus \u00f3 na h-oile\u00e1in c\u00fapla uair chuile l\u00e1.<\/p>\n<table style=\"color: #333333;\" border=\"0\" cellpadding=\"5\" align=\"center\">\n<tbody style=\"font-weight: inherit; font-style: inherit;\">\n<tr style=\"font-weight: inherit; font-style: inherit;\">\n<td style=\"font-style: inherit;\">\n<h4>Eitil go hInis Me\u00e1in taobh istigh de 6 n\u00f3im\u00e9ad le Aer Arann.<\/h4>\n<p>F\u00e1gann na heitilt\u00ed \u00f3 Indreabh\u00e1n, Conamara (45 noim\u00e9ad tiom\u00e1int as Gaillimh).<\/p>\n<p>R\u00e1ta\u00ed speisialta ar f\u00e1il do ghr\u00fapa\u00ed<\/p>\n<p>Aistri\u00fa ar mion-bhus ar f\u00e1il chuig agus as Gaillimh.<\/p>\n<p>F\u00f3n: <strong>091-593034<\/strong><\/p>\n<p>Su\u00edomh Idirl\u00edn: <a href=\"http:\/\/www.aerarannislands.ie\">www.aerarannislands.ie<\/a><\/td>\n<td style=\"font-style: inherit;\"><a style=\"font-weight: bold; font-style: inherit; color: #2a4975;\" href=\"http:\/\/www.aerarannislands.ie\/\"><img decoding=\"async\" loading=\"lazy\" src=\"http:\/\/inisironmeain.com\/wp-content\/uploads\/2014\/05\/aerarann.gif\" alt=\"aeraran\" width=\"150\" height=\"50\" border=\"0\" \/><\/a><\/td>\n<td style=\"font-style: inherit;\"><img decoding=\"async\" loading=\"lazy\" src=\"http:\/\/inisironmeain.com\/wp-content\/uploads\/2014\/05\/fly-to-inis-meain.jpg\" alt=\"fly to Inis Meain\" width=\"236\" height=\"123\" \/><\/td>\n<\/tr>\n<tr style=\"font-weight: inherit; font-style: inherit;\">\n<td style=\"font-style: inherit;\">\n<h4>Seol chuig Inis Me\u00e1n i 45 n\u00f3im\u00e9ad le Aran Island Ferries.<\/h4>\n<p>F\u00e1gann na b\u00e1id \u00f3 Ros a\u2019 Mh\u00edl, Conamara ag 10.30 r.n &amp; 6.00 i.n\u00a0 go laeth\u00fail.<\/p>\n<p>F\u00e1gann na b\u00e1id Inis Me\u00e1in, don turas ar ais ag 8.00 r.n agus 4.30 i.n go laeth\u00fail (<span style=\"text-decoration: underline;\">8.45<\/span> r.n agus 4.30 i.n ar an Domhnach)<\/p>\n<p>R\u00e1ta\u00ed Speisialta ar f\u00e1il do ghr\u00fapa\u00ed.<\/p>\n<p>Aistri\u00fa ar bhus ar f\u00e1il chuig agus as Gaillimh.<\/p>\n<p>F\u00f3n: <strong>091-568903<\/strong><\/p>\n<p>Su\u00edomh Idirl\u00edn: <a href=\"http:\/\/www.aranislandferries.com\/\">www.aranislandferries.com<\/a><\/td>\n<td style=\"font-style: inherit;\"><a style=\"font-weight: bold; font-style: inherit; color: #2a4975;\" href=\"http:\/\/www.aranislandferries.com\/\"><img decoding=\"async\" loading=\"lazy\" src=\"http:\/\/inisironmeain.com\/wp-content\/uploads\/2014\/05\/aran-island-ferries.gif\" alt=\"aran island ferries\" width=\"150\" height=\"50\" border=\"0\" \/><\/a><\/td>\n<td style=\"font-style: inherit;\"><img decoding=\"async\" loading=\"lazy\" src=\"http:\/\/inisironmeain.com\/wp-content\/uploads\/2014\/05\/sail-to-inis-meain.jpg\" alt=\"Sail to Inis Meain\" width=\"236\" height=\"123\" \/><\/td>\n<\/tr>\n<tr style=\"font-weight: inherit; font-style: inherit;\">\n<td style=\"font-style: inherit;\">\n<h4>Seol chuig Inis Me\u00e1in as D\u00fahlainn le Doolin to Aran Ferries.<\/h4>\n<p>Seoltar ar maidin agus tr\u00e1thn\u00f3na. N\u00ed m\u00f3r seice\u00e1il leis an oifig maidir le ham seoil.<\/p>\n<p>R\u00e1ta\u00ed Speisialta ar f\u00e1il do ghr\u00fapa\u00ed<\/p>\n<p><strong>Braitheann an tseirbh\u00eds seo ar an aimsir mar sin n\u00ed m\u00f3r seice\u00e1il leis an oifig roimh r\u00e9.<\/strong><\/p>\n<p>F\u00f3n: <strong>065-7075949<\/strong><\/p>\n<p>Su\u00edomh Idirl\u00edn: <a href=\"http:\/\/www.doolin2aranferries.com\/\">www.doolin2aranferries.com<\/a><\/td>\n<td style=\"font-style: inherit;\"><a style=\"font-weight: bold; font-style: inherit; color: #2a4975;\" href=\"http:\/\/www.doolin2aranferries.com\/\"><img decoding=\"async\" loading=\"lazy\" src=\"http:\/\/inisironmeain.com\/wp-content\/uploads\/2014\/05\/doolin-aran-ferries.gif\" alt=\"aran island ferries\" width=\"136\" height=\"28\" border=\"0\" \/><\/a><\/td>\n<td style=\"font-style: inherit;\"><img decoding=\"async\" loading=\"lazy\" src=\"http:\/\/inisironmeain.com\/wp-content\/uploads\/2014\/05\/sail-to-inis-meain-2.jpg\" alt=\"Sail to Inis Meain\" width=\"236\" height=\"123\" \/><\/td>\n<\/tr>\n<\/tbody>\n<\/table>\n","protected":false},"excerpt":{"rendered":"<p>N\u00ed fh\u00e9adfadh s\u00e9 a bheith n\u00edos simpl\u00ed taisteal chuig Oile\u00e1in \u00c1rann. T\u00e1 rogha ar f\u00e1il idir bh\u00e1id agus eitilt\u00ed, a chuireann seirbh\u00eds den scoth ar f\u00e1il chuig agus \u00f3 na h-oile\u00e1in c\u00fapla uair chuile l\u00e1. Eitil go hInis Me\u00e1in taobh istigh de 6 n\u00f3im\u00e9ad le Aer Arann. F\u00e1gann na heitilt\u00ed \u00f3 Indreabh\u00e1n, Conamara (45 noim\u00e9ad [&hellip;]<\/p>\n","protected":false},"author":1,"featured_media":42,"parent":0,"menu_order":0,"comment_status":"closed","ping_status":"open","template":"","meta":[],"_links":{"self":[{"href":"http:\/\/inisironmeain.com\/gaeilge\/wp-json\/wp\/v2\/pages\/39"}],"collection":[{"href":"http:\/\/inisironmeain.com\/gaeilge\/wp-json\/wp\/v2\/pages"}],"about":[{"href":"http:\/\/inisironmeain.com\/gaeilge\/wp-json\/wp\/v2\/types\/page"}],"author":[{"embeddable":true,"href":"http:\/\/inisironmeain.com\/gaeilge\/wp-json\/wp\/v2\/users\/1"}],"replies":[{"embeddable":true,"href":"http:\/\/inisironmeain.com\/gaeilge\/wp-json\/wp\/v2\/comments?post=39"}],"version-history":[{"count":2,"href":"http:\/\/inisironmeain.com\/gaeilge\/wp-json\/wp\/v2\/pages\/39\/revisions"}],"predecessor-version":[{"id":43,"href":"http:\/\/inisironmeain.com\/gaeilge\/wp-json\/wp\/v2\/pages\/39\/revisions\/43"}],"wp:featuredmedia":[{"embeddable":true,"href":"http:\/\/inisironmeain.com\/gaeilge\/wp-json\/wp\/v2\/media\/42"}],"wp:attachment":[{"href":"http:\/\/inisironmeain.com\/gaeilge\/wp-json\/wp\/v2\/media?parent=39"}],"curies":[{"name":"wp","href":"https:\/\/api.w.org\/{rel}","templated":true}]}}