{"id":36,"date":"2014-06-01T07:31:25","date_gmt":"2014-06-01T07:31:25","guid":{"rendered":"http:\/\/inisironmeain.com\/gaeilge\/?page_id=36"},"modified":"2014-06-01T07:31:25","modified_gmt":"2014-06-01T07:31:25","slug":"tarscaoileadh","status":"publish","type":"page","link":"http:\/\/inisironmeain.com\/gaeilge\/tarscaoileadh\/","title":{"rendered":"Tarscaoileadh"},"content":{"rendered":"<p>Tr\u00ed dhul san ioma\u00edocht don imeacht seo, admha\u00edm agus glacaim leis go bhf\u00e9adfadh rith agus si\u00fal r\u00e1s a bheith guaiseach. N\u00edor ch\u00f3ir dom iontr\u00e1il n\u00e1 p\u00e1irt a ghlacadh sa r\u00e1s mura bhfuilim \u00e1balta \u00f3 thaobh mo shl\u00e1inte de agus mura bhfuil traen\u00e1il cheart d\u00e9anta agam. Comhaonta\u00edm g\u00e9illeadh d\u2019aon chinneadh \u00f3 oifigeach eagraithe an r\u00e1is maidir le m\u2019\u00e1baltacht an imeacht a chr\u00edochn\u00fa go s\u00e1bhailte. Glacaim le chuile\u00a0ch\u00f3nt\u00f3irt a bhaineann le rith an r\u00e1is, ina measc, ach n\u00ed teoranta chuig, titim, teagmh\u00e1il le rannph\u00e1irtithe eile, tionchar aimsire, teochta\u00ed arda n\u00f3 f\u00edor-fhuacht san \u00e1ireamh, coinn\u00edollacha an bh\u00f3thair agus tr\u00e1cht ar an gc\u00farsa, le heolas agam faoi chuile\u00a0ch\u00f3nt\u00f3irt d\u00e1 leith\u00e9id agus luachmh\u00e9ad\u00fa agam orthu.<\/p>\n<p>Tar \u00e9is dom an tarscaoileadh seo a l\u00e9amh agus eolas agam ar na f\u00edric\u00ed seo, agus ag glacadh leis go nd\u00e9anfaidh sibh breithni\u00fa ar m\u2019iarratas iontr\u00e1la, d\u00e9anaim thar mo cheann f\u00e9in, agus thar cheann aon duine i dteidil gn\u00edomh\u00fa ar mo shon, Inis \u201cIron\u201d Me\u00e1in, Col\u00e1iste Naomh Eoin, a lucht urra\u00edochta ar fad agus a n-ionadaithe agus a gcomharba\u00ed ar fad a tharscaoileadh agus a \u00e9isi\u00faint \u00f3 aon \u00e9ilimh n\u00f3 dliteanais d\u2019aon chin\u00e9al a d\u2019fh\u00e9adfadh eascairt de bharr dom p\u00e1irt a ghlacadh sa r\u00e1s n\u00f3 \/ agus i ngn\u00edomha\u00edochta\u00ed club, le cailli\u00faint n\u00f3 dam\u00e1iste a dh\u00e9anfa\u00ed do mo mhaoin pearsanta san \u00e1ireamh, c\u00e9 go bhf\u00e9adfadh dliteanas eascairt de bharr faill\u00ed n\u00f3 m\u00ed-ch\u00faram ar thaobh na ndaoine ainmnithe sa tarscaoileadh seo.<\/p>\n<p>Tugaim cead do na daoine ainmnithe roimhe seo thuas, \u00fas\u00e1id a bhaint as aon ghrianghraf, picti\u00fair\u00ed gluaisne, taifeadta\u00ed n\u00f3 aon taifid eile den imeacht seo d\u2019aon fheidhm dlisteanach.<\/p>\n","protected":false},"excerpt":{"rendered":"<p>Tr\u00ed dhul san ioma\u00edocht don imeacht seo, admha\u00edm agus glacaim leis go bhf\u00e9adfadh rith agus si\u00fal r\u00e1s a bheith guaiseach. N\u00edor ch\u00f3ir dom iontr\u00e1il n\u00e1 p\u00e1irt a ghlacadh sa r\u00e1s mura bhfuilim \u00e1balta \u00f3 thaobh mo shl\u00e1inte de agus mura bhfuil traen\u00e1il cheart d\u00e9anta agam. Comhaonta\u00edm g\u00e9illeadh d\u2019aon chinneadh \u00f3 oifigeach eagraithe an r\u00e1is maidir [&hellip;]<\/p>\n","protected":false},"author":1,"featured_media":0,"parent":0,"menu_order":0,"comment_status":"closed","ping_status":"open","template":"","meta":[],"_links":{"self":[{"href":"http:\/\/inisironmeain.com\/gaeilge\/wp-json\/wp\/v2\/pages\/36"}],"collection":[{"href":"http:\/\/inisironmeain.com\/gaeilge\/wp-json\/wp\/v2\/pages"}],"about":[{"href":"http:\/\/inisironmeain.com\/gaeilge\/wp-json\/wp\/v2\/types\/page"}],"author":[{"embeddable":true,"href":"http:\/\/inisironmeain.com\/gaeilge\/wp-json\/wp\/v2\/users\/1"}],"replies":[{"embeddable":true,"href":"http:\/\/inisironmeain.com\/gaeilge\/wp-json\/wp\/v2\/comments?post=36"}],"version-history":[{"count":1,"href":"http:\/\/inisironmeain.com\/gaeilge\/wp-json\/wp\/v2\/pages\/36\/revisions"}],"predecessor-version":[{"id":38,"href":"http:\/\/inisironmeain.com\/gaeilge\/wp-json\/wp\/v2\/pages\/36\/revisions\/38"}],"wp:attachment":[{"href":"http:\/\/inisironmeain.com\/gaeilge\/wp-json\/wp\/v2\/media?parent=36"}],"curies":[{"name":"wp","href":"https:\/\/api.w.org\/{rel}","templated":true}]}}