{"id":32,"date":"2014-06-01T07:29:55","date_gmt":"2014-06-01T07:29:55","guid":{"rendered":"http:\/\/inisironmeain.com\/gaeilge\/?page_id=32"},"modified":"2018-03-25T22:38:45","modified_gmt":"2018-03-25T21:38:45","slug":"claru-ar-line","status":"publish","type":"page","link":"http:\/\/inisironmeain.com\/gaeilge\/claru-ar-line\/","title":{"rendered":"Cl\u00e1r\u00fa Ar L\u00edne"},"content":{"rendered":"<p style=\"text-align: justify\">Is f\u00e9idir cl\u00e1r\u00fa le haghaidh Inis \u201cIron\u201d Me\u00e1in ar l\u00edne tr\u00edd Run Ireland.<\/p>\n<p style=\"text-align: justify\"><strong>T\u00e1 dh\u00e1 rogha le cl\u00e1r\u00fa:<\/strong><\/p>\n<ul style=\"text-align: justify\">\n<li>Sinsear n\u00f3 Tosaitheoir \/ Cl\u00e1r\u00fa don ch\u00farsa f\u00edor-chrua n\u00f3 Crua<\/li>\n<li>R\u00e1s 5K<\/li>\n<\/ul>\n<p style=\"text-align: justify\">\u20ac50\/30 an costas cl\u00e1r\u00fach\u00e1n in aghaidh an iontr\u00e1la\u00a0(t\u00e1ille ar-l\u00edne san \u00e1ireamh).<\/p>\n<p style=\"text-align: justify\">Tapa\u00a0&#8211; iontr\u00e1il d\u00e9anta taobh istigh de ch\u00faig noim\u00e9ad. Deimhni\u00fa ar d\u2019iontr\u00e1il l\u00e1ithreach, tr\u00ed r\u00edomhphost.<\/p>\n<p style=\"text-align: justify\">100%\u00a0S\u00c1BHAILTE &#8211;\u00a0\u00cdoca\u00edocht go sl\u00e1n s\u00e1bhailte ar-l\u00edne tr\u00ed Worldpay. N\u00ed bheidh teacht ag Run Ireland n\u00e1 lucht eagraithe aon r\u00e1s ar sonra\u00ed r\u00fanda a bhaineann le d\u2019idirbhearta\u00edocht.<\/p>\n<p style=\"text-align: justify\">\n","protected":false},"excerpt":{"rendered":"<p>Is f\u00e9idir cl\u00e1r\u00fa le haghaidh Inis \u201cIron\u201d Me\u00e1in ar l\u00edne tr\u00edd Run Ireland. T\u00e1 dh\u00e1 rogha le cl\u00e1r\u00fa: Sinsear n\u00f3 Tosaitheoir \/ Cl\u00e1r\u00fa don ch\u00farsa f\u00edor-chrua n\u00f3 Crua R\u00e1s 5K \u20ac50\/30 an costas cl\u00e1r\u00fach\u00e1n in aghaidh an iontr\u00e1la\u00a0(t\u00e1ille ar-l\u00edne san \u00e1ireamh). Tapa\u00a0&#8211; iontr\u00e1il d\u00e9anta taobh istigh de ch\u00faig noim\u00e9ad. Deimhni\u00fa ar d\u2019iontr\u00e1il l\u00e1ithreach, tr\u00ed r\u00edomhphost. [&hellip;]<\/p>\n","protected":false},"author":1,"featured_media":2708,"parent":0,"menu_order":0,"comment_status":"closed","ping_status":"open","template":"","meta":[],"_links":{"self":[{"href":"http:\/\/inisironmeain.com\/gaeilge\/wp-json\/wp\/v2\/pages\/32"}],"collection":[{"href":"http:\/\/inisironmeain.com\/gaeilge\/wp-json\/wp\/v2\/pages"}],"about":[{"href":"http:\/\/inisironmeain.com\/gaeilge\/wp-json\/wp\/v2\/types\/page"}],"author":[{"embeddable":true,"href":"http:\/\/inisironmeain.com\/gaeilge\/wp-json\/wp\/v2\/users\/1"}],"replies":[{"embeddable":true,"href":"http:\/\/inisironmeain.com\/gaeilge\/wp-json\/wp\/v2\/comments?post=32"}],"version-history":[{"count":2,"href":"http:\/\/inisironmeain.com\/gaeilge\/wp-json\/wp\/v2\/pages\/32\/revisions"}],"predecessor-version":[{"id":2456,"href":"http:\/\/inisironmeain.com\/gaeilge\/wp-json\/wp\/v2\/pages\/32\/revisions\/2456"}],"wp:featuredmedia":[{"embeddable":true,"href":"http:\/\/inisironmeain.com\/gaeilge\/wp-json\/wp\/v2\/media\/2708"}],"wp:attachment":[{"href":"http:\/\/inisironmeain.com\/gaeilge\/wp-json\/wp\/v2\/media?parent=32"}],"curies":[{"name":"wp","href":"https:\/\/api.w.org\/{rel}","templated":true}]}}