{"id":13,"date":"2014-05-31T22:37:37","date_gmt":"2014-05-31T22:37:37","guid":{"rendered":"http:\/\/inisironmeain.com\/gaeilge\/?page_id=13"},"modified":"2018-03-25T22:35:42","modified_gmt":"2018-03-25T21:35:42","slug":"aiseanna-ras","status":"publish","type":"page","link":"http:\/\/inisironmeain.com\/gaeilge\/aiseanna-ras\/","title":{"rendered":"Aiseanna R\u00e1s"},"content":{"rendered":"<h2>\u00a0\u00c1ISEANNA AR F\u00c1IL DO CHUILE IONTR\u00c1LA\u00cd\u00a0AR AN L\u00c1 NA:<\/h2>\n<ul>\n<li><span style=\"color: #666666\"><span style=\"font-size: 16px\"><span style=\"font-family: georgia,serif\">TAE\/CAIFE\/STAISI\u00daIN UISCE ROIMH AGUS I NDIAIDH AN R\u00c1SA<\/span><\/span><\/span><\/li>\n<li><span style=\"color: #666666\"><span style=\"font-size: 16px\"><span style=\"font-family: georgia,serif\">CEAPAIR\u00cd AGUS TORTHA\u00cd AR F\u00c1IL ROIMH AN R\u00c1S<\/span><\/span><\/span><\/li>\n<li><span style=\"color: #666666\"><span style=\"font-size: 16px\"><span style=\"font-family: georgia,serif\">LEITHRIS AGUS SEOMRA C\u00d3TA\u00cd SAN IONAD\u00a0<\/span><\/span><\/span><\/li>\n<li><span style=\"color: #666666\"><span style=\"font-size: 16px\"><span style=\"font-family: georgia,serif\">FOIRGNEAMH OIRI\u00daNACH DO CHATHAOIR ROTHA\u00cd\u00a0<\/span><\/span><\/span><\/li>\n<li><span style=\"color: #666666\"><span style=\"font-size: 16px\"><span style=\"font-family: georgia,serif\">OCHT STAISI\u00daN UISCE SUITE TR\u00cdD AN R\u00c1SA\u00a0<\/span><\/span><\/span><\/li>\n<li><span style=\"color: #666666\"><span style=\"font-size: 16px\"><span style=\"font-family: georgia,serif\">C\u00daNAMH LEIGHIS AR F\u00c1IL LE LINN AGUS I NDIAIDH AR R\u00c1SA\u00a0\u00a0<\/span><\/span><\/span><\/li>\n<li><span style=\"color: #666666\"><span style=\"font-size: 16px\"><span style=\"font-family: georgia,serif\">FEARAIS GARCHABHRACH SAN IONAD\u00a0<\/span><\/span><\/span><\/li>\n<li><span style=\"color: #666666\"><span style=\"font-size: 16px\"><span style=\"font-family: georgia,serif\">BUIF\u00c9 TE AGUS MILSEOGA AR F\u00c1IL I nDIAIDH AN R\u00c1SA !<\/span><\/span><\/span><\/li>\n<\/ul>\n<p><img decoding=\"async\" loading=\"lazy\" class=\"aligncenter\" style=\"color: #333333\" src=\"http:\/\/inisironmeain.com\/wp-content\/uploads\/2014\/05\/facilities-photo1.jpg\" alt=\"\" width=\"224\" height=\"184\" \/><span style=\"color: #333333\">\u00a0<\/span><img decoding=\"async\" loading=\"lazy\" class=\"aligncenter\" style=\"color: #333333\" src=\"http:\/\/inisironmeain.com\/wp-content\/uploads\/2014\/05\/facilities-photo2.jpg\" alt=\"\" width=\"285\" height=\"171\" \/><span style=\"color: #333333\">\u00a0<\/span><img decoding=\"async\" loading=\"lazy\" class=\"aligncenter\" style=\"color: #333333\" src=\"http:\/\/inisironmeain.com\/wp-content\/uploads\/2014\/05\/facilities-photo3.jpg\" alt=\"\" width=\"285\" height=\"171\" \/><span style=\"color: #333333\">\u00a0<\/span><img decoding=\"async\" loading=\"lazy\" class=\"aligncenter\" style=\"color: #333333\" src=\"http:\/\/inisironmeain.com\/wp-content\/uploads\/2014\/05\/facilities-photo4.jpg\" alt=\"\" width=\"285\" height=\"171\" \/><\/p>\n","protected":false},"excerpt":{"rendered":"<p>\u00a0\u00c1ISEANNA AR F\u00c1IL DO CHUILE IONTR\u00c1LA\u00cd\u00a0AR AN L\u00c1 NA: TAE\/CAIFE\/STAISI\u00daIN UISCE ROIMH AGUS I NDIAIDH AN R\u00c1SA CEAPAIR\u00cd AGUS TORTHA\u00cd AR F\u00c1IL ROIMH AN R\u00c1S LEITHRIS AGUS SEOMRA C\u00d3TA\u00cd SAN IONAD\u00a0 FOIRGNEAMH OIRI\u00daNACH DO CHATHAOIR ROTHA\u00cd\u00a0 OCHT STAISI\u00daN UISCE SUITE TR\u00cdD AN R\u00c1SA\u00a0 C\u00daNAMH LEIGHIS AR F\u00c1IL LE LINN AGUS I NDIAIDH AR R\u00c1SA\u00a0\u00a0 FEARAIS [&hellip;]<\/p>\n","protected":false},"author":1,"featured_media":2532,"parent":0,"menu_order":0,"comment_status":"closed","ping_status":"open","template":"","meta":[],"_links":{"self":[{"href":"http:\/\/inisironmeain.com\/gaeilge\/wp-json\/wp\/v2\/pages\/13"}],"collection":[{"href":"http:\/\/inisironmeain.com\/gaeilge\/wp-json\/wp\/v2\/pages"}],"about":[{"href":"http:\/\/inisironmeain.com\/gaeilge\/wp-json\/wp\/v2\/types\/page"}],"author":[{"embeddable":true,"href":"http:\/\/inisironmeain.com\/gaeilge\/wp-json\/wp\/v2\/users\/1"}],"replies":[{"embeddable":true,"href":"http:\/\/inisironmeain.com\/gaeilge\/wp-json\/wp\/v2\/comments?post=13"}],"version-history":[{"count":2,"href":"http:\/\/inisironmeain.com\/gaeilge\/wp-json\/wp\/v2\/pages\/13\/revisions"}],"predecessor-version":[{"id":2128,"href":"http:\/\/inisironmeain.com\/gaeilge\/wp-json\/wp\/v2\/pages\/13\/revisions\/2128"}],"wp:featuredmedia":[{"embeddable":true,"href":"http:\/\/inisironmeain.com\/gaeilge\/wp-json\/wp\/v2\/media\/2532"}],"wp:attachment":[{"href":"http:\/\/inisironmeain.com\/gaeilge\/wp-json\/wp\/v2\/media?parent=13"}],"curies":[{"name":"wp","href":"https:\/\/api.w.org\/{rel}","templated":true}]}}