{"id":1017,"date":"2014-06-01T12:24:34","date_gmt":"2014-06-01T12:24:34","guid":{"rendered":"http:\/\/inisironmeain.com\/gaeilge\/?page_id=1017"},"modified":"2014-06-01T12:25:27","modified_gmt":"2014-06-01T12:25:27","slug":"teagmhail","status":"publish","type":"page","link":"http:\/\/inisironmeain.com\/gaeilge\/teagmhail\/","title":{"rendered":"Teagmh\u00e1il"},"content":{"rendered":"<p><img decoding=\"async\" loading=\"lazy\" class=\"alignright\" src=\"http:\/\/inisironmeain.com\/wp-content\/uploads\/2014\/05\/inis-iron-meain-logo.gif\" alt=\"\" width=\"240\" height=\"157\" \/>M\u00e1 t\u00e1 aon eolas ar leith uait is f\u00e9idir leat teagmh\u00e1il a dh\u00e9anamh le Geraldine McElroy, Col\u00e1iste Naomh Eoin tr\u00edd na beala\u00ed seo th\u00edos.<\/p>\n<p><strong>R\u00edomh-phost: <\/strong><a href=\"mailto:info@inisironme\u00e1in.com\">info@inisironme\u00e1in.com<\/a><\/p>\n<p><strong>Su\u00edomh Idirl\u00edon: <\/strong><a href=\"http:\/\/www.inisironme\u00e1in.com\/\">www.inisironme\u00e1in.com<\/a><\/p>\n<p><strong>Guth\u00e1n: <\/strong>086-3460792<\/p>\n","protected":false},"excerpt":{"rendered":"<p>M\u00e1 t\u00e1 aon eolas ar leith uait is f\u00e9idir leat teagmh\u00e1il a dh\u00e9anamh le Geraldine McElroy, Col\u00e1iste Naomh Eoin tr\u00edd na beala\u00ed seo th\u00edos. R\u00edomh-phost: info@inisironme\u00e1in.com Su\u00edomh Idirl\u00edon: www.inisironme\u00e1in.com Guth\u00e1n: 086-3460792<\/p>\n","protected":false},"author":1,"featured_media":0,"parent":0,"menu_order":0,"comment_status":"closed","ping_status":"open","template":"","meta":[],"_links":{"self":[{"href":"http:\/\/inisironmeain.com\/gaeilge\/wp-json\/wp\/v2\/pages\/1017"}],"collection":[{"href":"http:\/\/inisironmeain.com\/gaeilge\/wp-json\/wp\/v2\/pages"}],"about":[{"href":"http:\/\/inisironmeain.com\/gaeilge\/wp-json\/wp\/v2\/types\/page"}],"author":[{"embeddable":true,"href":"http:\/\/inisironmeain.com\/gaeilge\/wp-json\/wp\/v2\/users\/1"}],"replies":[{"embeddable":true,"href":"http:\/\/inisironmeain.com\/gaeilge\/wp-json\/wp\/v2\/comments?post=1017"}],"version-history":[{"count":2,"href":"http:\/\/inisironmeain.com\/gaeilge\/wp-json\/wp\/v2\/pages\/1017\/revisions"}],"predecessor-version":[{"id":1020,"href":"http:\/\/inisironmeain.com\/gaeilge\/wp-json\/wp\/v2\/pages\/1017\/revisions\/1020"}],"wp:attachment":[{"href":"http:\/\/inisironmeain.com\/gaeilge\/wp-json\/wp\/v2\/media?parent=1017"}],"curies":[{"name":"wp","href":"https:\/\/api.w.org\/{rel}","templated":true}]}}