{"id":1014,"date":"2014-06-01T12:21:56","date_gmt":"2014-06-01T12:21:56","guid":{"rendered":"http:\/\/inisironmeain.com\/gaeilge\/?page_id=1014"},"modified":"2014-06-01T12:21:56","modified_gmt":"2014-06-01T12:21:56","slug":"urraiocht","status":"publish","type":"page","link":"http:\/\/inisironmeain.com\/gaeilge\/urraiocht\/","title":{"rendered":"Urra\u00edocht"},"content":{"rendered":"<p><span style=\"font-size: 14px;\">Ba mhaith le dalta\u00ed agus foireann teagaisc Chol\u00e1iste Naomh Eoin, bu\u00edochas \u00f3 chro\u00ed a ghabh\u00e1il le chuile dhuine a thug &amp; a thugann\u00a0taca\u00edocht chun an \u00f3c\u00e1id seo\u200b\u200b a reacht\u00e1il.<\/span><\/p>\n<p style=\"text-align: justify;\"><span style=\"font-size: 14px;\">T\u00e1 bu\u00edochas ar leith ag dul do na hurraitheoir\u00ed ar fad ar an m\u00f3rth\u00edr agus ar an oile\u00e1n, go m\u00f3r mh\u00f3r\u00a0Tarlach de Bl\u00e1cam \u00f3 <em>&#8216;Cniot\u00e1il Inis Me\u00e1in Teo.&#8217;<\/em> a\u00a0bhronnann na duaiseanna ar<\/span><span style=\"font-size: 14px;\">\u00a0na buaiteoir\u00ed gach bliain. Bu\u00edochas m\u00f3r do BWG Foods a rinne urra\u00edocht ar na deochanna fuinnimh agus barra\u00ed. Bu\u00edochas do Noel \u00d3 Conghaile agus M\u00e1irt\u00edn \u00d3 Flaithearta a mharc\u00e1il an c\u00farsa d\u00fainn, agus do na daoine a dh\u00e9anann na st\u00e1isi\u00fain uisce.\u00a0Do na tuismitheoir\u00ed agus Mn\u00e1 T\u00ed, Chol\u00e1iste Naomh Eoin a thugann a gcuid ama agus c\u00fanamh d\u00fainn ar an l\u00e1. D\u00edobh fh\u00e9in ar fad a chuireann bh\u00far gcuid ama agus d\u00edograis f\u00e9in isteach ann, t\u00e1 muid f\u00edor bhu\u00edoch d\u00edobh as ucht an \u00f3c\u00e1id bhliant\u00fail seo do Chol\u00e1iste Naomh Eoin a dh\u00e9anamh chomh speisialta agus chomh rath\u00fail is at\u00e1 s\u00e9 inni\u00fa. Bu\u00edochas speisialta do Thom\u00e1s Breathnach, Timire Gaeilge Bord Oideachais agus Oili\u00fana Gaillimhe agus Ros Com\u00e1in a thugann an oiread taca\u00edocht d\u00fainn i rith na scoilbhliana.<\/span><\/p>\n<p><strong>C\u00c1RTA\u00cd URRA\u00cdOCHTA<\/strong><\/p>\n<p>\u00d3 am go h-am, cuirtear ceist faoi c\u00e1rta\u00ed urra\u00edochta chun airgead breise a bhaili\u00fa don scoil. D\u00e1 mba mhaith leat ceann, cuir r\u00edomh-phost chugainn ag <span style=\"text-decoration: underline;\">info@inisironmeain.com<\/span> le d&#8217;ainm agus seoladh agus seolfaidh muid ceann chugat.<\/p>\n<p><strong>\u00c1r nUrraitheoir\u00ed:<\/strong><\/p>\n<div>\n<table border=\"0\" cellpadding=\"5\">\n<tbody>\n<tr>\n<td valign=\"top\"><strong>Cniot\u00e1il Inis Me\u00e1in Teo.<\/strong><\/p>\n<p><strong>Island Ferries <\/strong><\/p>\n<p><strong>Aer Arann \u00a0<\/strong><strong>\u00a0 \u00a0 \u00a0 \u00a0 \u00a0 \u00a0 \u00a0 \u00a0 \u00a0 \u00a0\u00a0<\/strong><\/td>\n<td valign=\"top\"><strong>Castlecourt Hotel<\/strong><\/p>\n<p><strong>Lasta Mara\u00a0\u00a0\u00a0\u00a0\u00a0\u00a0\u00a0\u00a0\u00a0\u00a0\u00a0\u00a0<\/strong><\/p>\n<p><strong>Imperial Hotel \u00a0 \u00a0 \u00a0 \u00a0 \u00a0 \u00a0 \u00a0 \u00a0 \u00a0 \u00a0 \u00a0 \u00a0 \u00a0 \u00a0 \u00a0\u00a0<\/strong><\/td>\n<td valign=\"top\"><strong>Teach \u00d3sta, Inis Me\u00e1in <\/strong><\/p>\n<p><strong>Inis Me\u00e1in Restaurant &amp; Suites\u00a0\u00a0\u00a0 <\/strong><\/p>\n<p><strong>Value Centre Cash &amp; Carry <\/strong><\/p>\n<p><strong>\u00a0\u00a0\u00a0\u00a0\u00a0\u00a0\u00a0\u00a0\u00a0\u00a0\u00a0\u00a0\u00a0\u00a0\u00a0\u00a0\u00a0\u00a0\u00a0\u00a0\u00a0\u00a0\u00a0\u00a0\u00a0\u00a0\u00a0\u00a0\u00a0\u00a0\u00a0 <\/strong><\/td>\n<td valign=\"top\"><strong>An D\u00fan, Inis Me\u00e1in<\/strong><\/p>\n<p><strong>Siopa Ruaidhr\u00ed Beag, Inis Me\u00e1in<\/strong><\/p>\n<p>&nbsp;<\/td>\n<\/tr>\n<\/tbody>\n<\/table>\n<\/div>\n","protected":false},"excerpt":{"rendered":"<p>Ba mhaith le dalta\u00ed agus foireann teagaisc Chol\u00e1iste Naomh Eoin, bu\u00edochas \u00f3 chro\u00ed a ghabh\u00e1il le chuile dhuine a thug &amp; a thugann\u00a0taca\u00edocht chun an \u00f3c\u00e1id seo\u200b\u200b a reacht\u00e1il. T\u00e1 bu\u00edochas ar leith ag dul do na hurraitheoir\u00ed ar fad ar an m\u00f3rth\u00edr agus ar an oile\u00e1n, go m\u00f3r mh\u00f3r\u00a0Tarlach de Bl\u00e1cam \u00f3 &#8216;Cniot\u00e1il Inis [&hellip;]<\/p>\n","protected":false},"author":1,"featured_media":0,"parent":0,"menu_order":0,"comment_status":"closed","ping_status":"open","template":"","meta":[],"_links":{"self":[{"href":"http:\/\/inisironmeain.com\/gaeilge\/wp-json\/wp\/v2\/pages\/1014"}],"collection":[{"href":"http:\/\/inisironmeain.com\/gaeilge\/wp-json\/wp\/v2\/pages"}],"about":[{"href":"http:\/\/inisironmeain.com\/gaeilge\/wp-json\/wp\/v2\/types\/page"}],"author":[{"embeddable":true,"href":"http:\/\/inisironmeain.com\/gaeilge\/wp-json\/wp\/v2\/users\/1"}],"replies":[{"embeddable":true,"href":"http:\/\/inisironmeain.com\/gaeilge\/wp-json\/wp\/v2\/comments?post=1014"}],"version-history":[{"count":1,"href":"http:\/\/inisironmeain.com\/gaeilge\/wp-json\/wp\/v2\/pages\/1014\/revisions"}],"predecessor-version":[{"id":1016,"href":"http:\/\/inisironmeain.com\/gaeilge\/wp-json\/wp\/v2\/pages\/1014\/revisions\/1016"}],"wp:attachment":[{"href":"http:\/\/inisironmeain.com\/gaeilge\/wp-json\/wp\/v2\/media?parent=1014"}],"curies":[{"name":"wp","href":"https:\/\/api.w.org\/{rel}","templated":true}]}}